{"id":617,"date":"2019-08-28T11:15:07","date_gmt":"2019-08-28T09:15:07","guid":{"rendered":"https:\/\/ildifferenziale.it\/autoclassica\/?page_id=617"},"modified":"2019-09-16T16:23:57","modified_gmt":"2019-09-16T14:23:57","slug":"policy-privacy","status":"publish","type":"page","link":"https:\/\/ildifferenziale.it\/autoclassica\/policy-privacy\/","title":{"rendered":"Policy Privacy"},"content":{"rendered":"\n\t\t<div id=\"fws_69d0c67875f69\"  data-column-margin=\"default\" data-midnight=\"dark\"  class=\"wpb_row vc_row-fluid vc_row full-width-section\"  style=\"padding-top: 0px; padding-bottom: 0px; \"><div class=\"row-bg-wrap\" data-bg-animation=\"none\" data-bg-animation-delay=\"\" data-bg-overlay=\"false\"><div class=\"inner-wrap row-bg-layer\" ><div class=\"row-bg viewport-desktop\"  style=\"\"><\/div><\/div><\/div><div class=\"row_col_wrap_12 col span_12 dark left\">\n\t<div  class=\"vc_col-sm-12 wpb_column column_container vc_column_container col no-extra-padding\"  data-padding-pos=\"all\" data-has-bg-color=\"false\" data-bg-color=\"\" data-bg-opacity=\"1\" data-animation=\"\" data-delay=\"0\" >\n\t\t<div class=\"vc_column-inner\" >\n\t\t\t<div class=\"wpb_wrapper\">\n\t\t\t\t\n<div class=\"wpb_text_column wpb_content_element \" >\n\t<div class=\"wpb_wrapper\">\n\t\t<p><span style=\"color: #000000;\"><strong>Informativa al trattamento dei dati personali \u2013 <\/strong><strong>Policy Privacy sito web<\/strong><\/span><\/p>\n<p><span style=\"color: #000000;\">ai sensi dell\u2019art. 13 del Regolamento (UE) 2016\/679<\/span><\/p>\n<p><span style=\"color: #000000;\"><strong>soggetti interessati: visitatori del sito web www.ildifferenziale.it<\/strong><\/span><\/p>\n<p><span style=\"color: #000000;\">Questo documento ha lo scopo di informarei visitatori di questo sito web, ai sensi dell\u2019art. 13 del Regolamento (UE) 2016\/679 (di seguito, \u201cil Regolamento\u201d oppure \u201cGDPR\u201d), sul trattamento dei loro dati personali raccolti o ricevuti durante l\u2019utilizzo del sito.<\/span><\/p>\n<p><span style=\"color: #000000;\">Le informazioni dettagliate sul trattamento dei dati personali sono riportate, ove necessario, nelle sezioni relative ai diversi trattamenti effettuati. Sono elencati i dati utilizzati o richiesti, le finalit\u00e0 di ciascun trattamento, il tempo di conservazione. Dove richiesto, il visitatore potr\u00e0 esprimere liberamente il proprio consenso e autorizzare la raccolta e l\u2019utilizzo dei propri dati.<\/span><\/p>\n<p><span style=\"color: #000000;\">Si ricorda che questa privacy policy riguarda il presente sito web e non anche ulteriori siti web eventualmente consultati dall\u2019utente tramite la navigazione dai link presenti sul sito, per i quali si rimanda alle informazioni fornite dagli altri siti in merito alla loro gestione della privacy.<\/span><\/p>\n<p><span style=\"color: #000000;\"><strong>BBM Cuscinetti Srl <\/strong>con sede legale in Viale Rimembranze 54\/40, 20099, Sesto S. Giovanni\u00a0\u00e8 Titolare per i trattamenti effettuati sui dati personali raccolti e ottenuti da questo sito web e determina come saranno conservati i dati e chi potr\u00e0 avere accesso alle informazioni raccolte dal sito web.I dati personali saranno trattati con procedure manuali e automatizzate, ogni trattamento avviene nel rispetto delle modalit\u00e0 di cui agli artt. 6, 32 del Regolamento e mediante l&#8217;adozione delle adeguate misure di sicurezza previste. I dati saranno trattati unicamente da personale espressamente autorizzato dal Titolare, oppure anche da soggetti terzi Responsabili per i trattamenti di competenza ai sensi dell\u2019Art. 28 del Regolamento. Maggiori informazioni sui responsabili e soggetti autorizzati verranno fornite su richiesta dell\u2019interessato nell\u2019esercizio dei diritti di cui agli articoli 15-22 del Regolamento.<\/span><\/p>\n<p><span style=\"color: #000000;\">Tipologia di dati trattati<\/span><\/p>\n<p><span style=\"color: #000000;\">Durante la navigazione del sito, si possono acquisire le seguenti informazioni sul visitatore:<\/span><\/p>\n<p><span style=\"color: #000000;\"><em>Dati di navigazione<\/em><\/span><\/p>\n<p><span style=\"color: #000000;\">I sistemi informatici e le procedure software preposte al funzionamento di questo sito web acquisiscono, nel corso del loro normale esercizio, alcuni dati personali la cui trasmissione \u00e8 implicita nell\u2019uso dei protocolli di comunicazione di Internet. In questa categoria di dati rientrano: gli indirizzi IP, il tipo di browser utilizzato, il sistema operativo, il nome di dominio e gli indirizzi di siti web dai quali \u00e8 stato effettuato l\u2019accesso o l\u2019uscita, le informazioni sulle pagine visitate dagli utenti all\u2019interno del sito, l\u2019orario d\u2019accesso, l\u2019analisi di percorso interno e altri parametri relativi al sistema operativo e all\u2019ambiente informatico dell\u2019utente. Tali dati di carattere tecnico\/informatico sono raccolti e utilizzati esclusivamente in maniera aggregata e non identificativa per finalit\u00e0 di analisi tecnica e statistica sull\u2019utilizzo del sito, inoltre potrebbero essere utilizzati per l\u2019accertamento di responsabilit\u00e0 in caso di ipotetici reati informatici ai danni del sito.<\/span><\/p>\n<p><span style=\"color: #000000;\"><em>Dati forniti nel modulo \u201cCONTATTI\u201d<\/em><\/span><\/p>\n<p><span style=\"color: #000000;\">Si tratta di quei dati personali rilasciati liberamente dal visitatore sul sito, nella pagina specifica del modulo da compilare per richiedere informazioni sui nostri prodotti o servizi. Sono richiesti: nome, cognome, azienda, indirizzo e-mail., i dati saranno utilizzati per le finalit\u00e0:<\/span><\/p>\n<ul>\n<li style=\"list-style-type: none;\">\n<ul>\n<li><span style=\"color: #000000;\">inviare le informazioni richieste sui nostri prodotti o servizi.<\/span><\/li>\n<\/ul>\n<\/li>\n<\/ul>\n<p><span style=\"color: #000000;\">I dati saranno conservati nel rispetto dei principi di liceit\u00e0, limitazione delle finalit\u00e0 e minimizzazione dei dati, ai sensi dell\u2019art. 5 del GDPR, per il tempo necessario a soddisfare la richiesta dell\u2019utente.<\/span><\/p>\n<p><span style=\"color: #000000;\"><em>Dati forniti per l\u2019adesione alla \u201cNEWSLETTER\u201d<\/em><\/span><\/p>\n<p><span style=\"color: #000000;\">Si tratta di quei dati personali rilasciati liberamente dal visitatore sul sito, nella pagina specifica del modulo da compilare per registrarsi e ricevere la mail di newsletter \u00e8 richiesta e-mail. Il conferimento di questi dati \u00e8 facoltativo e non limita la navigazione del sito. Dopo acquisizione del consenso i dati raccolti saranno utilizzati per le seguenti finalit\u00e0:<\/span><\/p>\n<ul>\n<li style=\"list-style-type: none;\">\n<ul>\n<li><span style=\"color: #000000;\">\u2022 Inviare la mail newsletter con informazioni ed aggiornamenti su prodotti e servizi.<\/span><\/li>\n<\/ul>\n<\/li>\n<\/ul>\n<p><span style=\"color: #000000;\">I dati saranno conservati nel rispetto dei principi di liceit\u00e0, limitazione delle finalit\u00e0 e minimizzazione dei dati, ai sensi dell\u2019art. 5 del GDPR, sino alla richiesta di rimozione da parte dell\u2019utente seguendo le istruzioni specificate all\u2019interno della mail newsletter, la cancellazione definitiva avverr\u00e0 entro 30 giorni dalla richiesta.<\/span><\/p>\n<p><span style=\"color: #000000;\"><em>\u00a0<\/em><\/span><\/p>\n<p><span style=\"color: #000000;\"><em>\u00a0<\/em><\/span><\/p>\n<p><span style=\"color: #000000;\"><em>Cookies<\/em><\/span><\/p>\n<p><span style=\"color: #000000;\">Per maggiori informazioni sull\u2019uso dei cookies in questo sito, vedere la Cookie Policy al link.<\/span><\/p>\n<p><span style=\"color: #000000;\">Acquisizione del consenso dell\u2019interessato<\/span><\/p>\n<p><span style=\"color: #000000;\">Il consenso, libero, informato e specifico, \u00e8 richiesto solo per per la compilazione dei moduli dove sono richiesti i dati personali del visitatore del sito per le finalit\u00e0 specificate. Il consenso viene datodal soggetto interessato mediante \u201ccasella apposita\u201d e l\u2019invio della richiesta con i dati non \u00e8 possibile senza aver dato prima il consenso, che viene registrato e conservato dal Titolare per i fini di esibizione su richiesta dell\u2019interessato o dell\u2019Autorit\u00e0.<\/span><\/p>\n<p><span style=\"color: #000000;\">Collegamento verso\/da siti terzi<\/span><\/p>\n<p><span style=\"color: #000000;\">Da questo sito web \u00e8 possibile collegarsi mediante appositi link verso altri siti web di soggetti terzi.Il Titolare del sito declina qualsiasi responsabilit\u00e0 in merito all\u2019eventuale gestione di dati personali da parte di altri siti diversi da questo sito. Per informazioni sulle finalit\u00e0, il tipo e le modalit\u00e0 di raccolta, elaborazione, utilizzo e conservazione dei dati personali da parte del sito visitato, nonch\u00e9 per le modalit\u00e0 attraverso cui esercitare i propri diritti, si prega di consultare l\u2019informativa privacy del sito visitato.<\/span><\/p>\n<p><span style=\"color: #000000;\">Diffusione<\/span><\/p>\n<p><span style=\"color: #000000;\">I dati personali che formano oggetto di raccolta non sono e non saranno oggetto di diffusione.<\/span><\/p>\n<p><span style=\"color: #000000;\"><strong>ESERCIZIO DEI DIRITTI DELL\u2019INTERESSATO<\/strong><\/span><\/p>\n<p><span style=\"color: #000000;\">Per esercitare i propri diritti assicurati dagli articoli suddetti, rivolgersi al Titolare:<\/span><\/p>\n<p><span style=\"color: #000000;\">B.B.M. Cuscinetti S.r.l., viale Rimembranze 54, 20099 Sesto S. Giovanni (Mi), <a style=\"color: #000000;\" href=\"mailto:bbmcuscinetti@legalmail.it\">bbmcuscinetti@legalmail.it<\/a> L\u2019interessato ha il diritto di ottenere la cancellazione, la comunicazione, l&#8217;aggiornamento, la rettifica, l&#8217;integrazione dei dati personali che La riguardano, nonch\u00e9 in generale pu\u00f2 esercitare tutti i diritti previsti dagli artt. da 15 a 22 del GDPR.<\/span><\/p>\n<p><span style=\"color: #000000;\"><em>\u00a0<\/em><\/span><\/p>\n<p><span style=\"color: #000000;\">Modifiche alla Privacy Policy<\/span><\/p>\n<p><span style=\"color: #000000;\">La modifica al sito web per nuovi trattamenti di dati personali, oppure l\u2019eventuale entrata in vigore di nuove normative di settore, come anche il costante esame e aggiornamento dei servizi all\u2019utente, potrebbe comportare la necessit\u00e0 di aggiornare questa informativa. \u00c8 possibile che la nostra policy subisca modifiche nel tempo e invitiamo, pertanto, il visitatore a consultare periodicamente questa pagina.<\/span><\/p>\n\t<\/div>\n<\/div>\n\n\n\n\n\t\t\t<\/div> \n\t\t<\/div>\n\t<\/div> \n<\/div><\/div>\n","protected":false},"excerpt":{"rendered":"Informativa al trattamento dei dati personali \u2013 Policy Privacy sito web ai sensi dell\u2019art. 13 del Regolamento (UE) 2016\/679 soggetti interessati: visitatori del sito web www.ildifferenziale.it Questo documento ha lo...","protected":false},"author":1,"featured_media":0,"parent":0,"menu_order":0,"comment_status":"closed","ping_status":"closed","template":"","meta":{"_joinchat":[],"footnotes":""},"class_list":["post-617","page","type-page","status-publish"],"_links":{"self":[{"href":"https:\/\/ildifferenziale.it\/autoclassica\/wp-json\/wp\/v2\/pages\/617","targetHints":{"allow":["GET"]}}],"collection":[{"href":"https:\/\/ildifferenziale.it\/autoclassica\/wp-json\/wp\/v2\/pages"}],"about":[{"href":"https:\/\/ildifferenziale.it\/autoclassica\/wp-json\/wp\/v2\/types\/page"}],"author":[{"embeddable":true,"href":"https:\/\/ildifferenziale.it\/autoclassica\/wp-json\/wp\/v2\/users\/1"}],"replies":[{"embeddable":true,"href":"https:\/\/ildifferenziale.it\/autoclassica\/wp-json\/wp\/v2\/comments?post=617"}],"version-history":[{"count":2,"href":"https:\/\/ildifferenziale.it\/autoclassica\/wp-json\/wp\/v2\/pages\/617\/revisions"}],"predecessor-version":[{"id":631,"href":"https:\/\/ildifferenziale.it\/autoclassica\/wp-json\/wp\/v2\/pages\/617\/revisions\/631"}],"wp:attachment":[{"href":"https:\/\/ildifferenziale.it\/autoclassica\/wp-json\/wp\/v2\/media?parent=617"}],"curies":[{"name":"wp","href":"https:\/\/api.w.org\/{rel}","templated":true}]}}