{"id":615,"date":"2019-08-28T11:12:58","date_gmt":"2019-08-28T09:12:58","guid":{"rendered":"https:\/\/ildifferenziale.it\/autoclassica\/?page_id=615"},"modified":"2019-09-16T16:25:06","modified_gmt":"2019-09-16T14:25:06","slug":"cookie-policy","status":"publish","type":"page","link":"https:\/\/ildifferenziale.it\/autoclassica\/cookie-policy\/","title":{"rendered":"Cookie policy"},"content":{"rendered":"\n\t\t<div id=\"fws_69d0c8c32883a\"  data-column-margin=\"default\" data-midnight=\"dark\"  class=\"wpb_row vc_row-fluid vc_row full-width-section\"  style=\"padding-top: 0px; padding-bottom: 0px; \"><div class=\"row-bg-wrap\" data-bg-animation=\"none\" data-bg-animation-delay=\"\" data-bg-overlay=\"false\"><div class=\"inner-wrap row-bg-layer\" ><div class=\"row-bg viewport-desktop\"  style=\"\"><\/div><\/div><\/div><div class=\"row_col_wrap_12 col span_12 dark left\">\n\t<div  class=\"vc_col-sm-12 wpb_column column_container vc_column_container col no-extra-padding\"  data-padding-pos=\"all\" data-has-bg-color=\"false\" data-bg-color=\"\" data-bg-opacity=\"1\" data-animation=\"\" data-delay=\"0\" >\n\t\t<div class=\"vc_column-inner\" >\n\t\t\t<div class=\"wpb_wrapper\">\n\t\t\t\t\n<div class=\"wpb_text_column wpb_content_element \" >\n\t<div class=\"wpb_wrapper\">\n\t\t<p><span style=\"color: #000000;\"><strong><span style=\"font-size: 10pt;\">COOKIE<\/span><\/strong><\/span><\/p>\n<p><span style=\"font-size: 10pt; color: #000000;\">Si comunica che il presente sito si avvale delle funzionalit\u00e0 offerte dal servizio Google Analytics.<\/span><\/p>\n<p><span style=\"font-size: 10pt; color: #000000;\">Google Analytics utilizza i cookie per raccogliere e analizzare in forma anonima le informazioni sui comportamenti di utilizzo dei siti web. Tali informazioni (compreso l&#8217;indirizzo IP dell&#8217;utente) vengono raccolte da Google Analytics, che le elabora allo scopo di redigere report riguardanti le attivit\u00e0 sul proprio sito web. Google Analytics non associa l&#8217;indirizzo IP a nessun altro dato in proprio possesso n\u00e9 cerca di collegare un indirizzo IP con l&#8217;identit\u00e0 di un utente.<\/span><\/p>\n<p><span style=\"font-size: 10pt; color: #000000;\">Di seguito nel dettaglio sono descritte le caratteristiche dei cookie utilizzati:<\/span><\/p>\n<table style=\"border-collapse: collapse;\" border=\"1\" cellspacing=\"0\" cellpadding=\"0\">\n<tbody>\n<tr>\n<td style=\"width: 157.55pt; border: 1pt solid windowtext; background: #bfbfbf none repeat scroll 0% 0%; padding: 0cm 5.4pt;\" valign=\"top\" width=\"210\"><span style=\"color: #000000;\"><strong><span style=\"font-size: 10pt;\">NOME COOKIE<\/span><\/strong><\/span><\/td>\n<td style=\"width: 162.95pt; border-width: 1pt 1pt 1pt medium; border-style: solid solid solid none; border-color: windowtext windowtext windowtext -moz-use-text-color; background: #bfbfbf none repeat scroll 0% 0%; padding: 0cm 5.4pt;\" valign=\"top\" width=\"217\"><span style=\"color: #000000;\"><strong><span style=\"font-size: 10pt;\">SCADENZA PREDEFINITA<\/span><\/strong><\/span><\/td>\n<td style=\"width: 163pt; border-width: 1pt 1pt 1pt medium; border-style: solid solid solid none; border-color: windowtext windowtext windowtext -moz-use-text-color; background: #bfbfbf none repeat scroll 0% 0%; padding: 0cm 5.4pt;\" valign=\"top\" width=\"217\"><span style=\"color: #000000;\"><strong><span style=\"font-size: 10pt;\">DESCRIZIONE COOKIE<\/span><\/strong><\/span><\/td>\n<\/tr>\n<tr>\n<td style=\"width: 157.55pt; border-width: medium 1pt 1pt; border-style: none solid solid; border-color: -moz-use-text-color windowtext windowtext; padding: 0cm 5.4pt;\" width=\"210\"><span style=\"font-size: 10pt; color: #000000;\">_ga<\/span><\/td>\n<td style=\"width: 162.95pt; border-width: medium 1pt 1pt medium; border-style: none solid solid none; border-color: -moz-use-text-color windowtext windowtext -moz-use-text-color; padding: 0cm 5.4pt;\" width=\"217\"><span style=\"font-size: 10pt; color: #000000;\">2 anni<\/span><\/td>\n<td style=\"width: 163pt; border-width: medium 1pt 1pt medium; border-style: none solid solid none; border-color: -moz-use-text-color windowtext windowtext -moz-use-text-color; padding: 0cm 5.4pt;\" width=\"217\"><span style=\"font-size: 10pt; color: #000000;\">Il cookie _ga fa parte di Google Analytics, e viene utilizzato per distinguere gli utenti. Questo cookie non contiene nessuna delle vostre informazioni personali.<\/span><\/td>\n<\/tr>\n<tr>\n<td style=\"width: 157.55pt; border-width: medium 1pt 1pt; border-style: none solid solid; border-color: -moz-use-text-color windowtext windowtext; padding: 0cm 5.4pt;\" width=\"210\"><span style=\"font-size: 10pt; color: #000000;\">_gat<\/span><\/td>\n<td style=\"width: 162.95pt; border-width: medium 1pt 1pt medium; border-style: none solid solid none; border-color: -moz-use-text-color windowtext windowtext -moz-use-text-color; padding: 0cm 5.4pt;\" width=\"217\"><span style=\"font-size: 10pt; color: #000000;\">10 minuti<\/span><\/td>\n<td style=\"width: 163pt; border-width: medium 1pt 1pt medium; border-style: none solid solid none; border-color: -moz-use-text-color windowtext windowtext -moz-use-text-color; padding: 0cm 5.4pt;\" width=\"217\"><span style=\"font-size: 10pt; color: #000000;\">Il cookie _gat viene utilizzato per il solo scopo di realizzare un&#8217;analisi statistica (mediante il servizio Google Analytics)<\/span><\/td>\n<\/tr>\n<tr>\n<td style=\"width: 157.55pt; border-width: medium 1pt 1pt; border-style: none solid solid; border-color: -moz-use-text-color windowtext windowtext; padding: 0cm 5.4pt;\" valign=\"top\" width=\"210\"><span style=\"font-size: 10pt; color: #000000;\">Session cookie<\/span><\/td>\n<td style=\"width: 162.95pt; border-width: medium 1pt 1pt medium; border-style: none solid solid none; border-color: -moz-use-text-color windowtext windowtext -moz-use-text-color; padding: 0cm 5.4pt;\" valign=\"top\" width=\"217\"><span style=\"font-size: 10pt; color: #000000;\">A fine sessione<\/span><\/td>\n<td style=\"width: 163pt; border-width: medium 1pt 1pt medium; border-style: none solid solid none; border-color: -moz-use-text-color windowtext windowtext -moz-use-text-color; padding: 0cm 5.4pt;\" valign=\"top\" width=\"217\"><span style=\"font-size: 10pt; color: #000000;\">Individua una sessione di navigazione anonima<\/span><\/td>\n<\/tr>\n<\/tbody>\n<\/table>\n<p><span style=\"font-size: 10pt; color: #000000;\">Per maggiori informazioni in merito alle modalit\u00e0 di raccolta e utilizzo dei dati nel servizio Google Analytics si raccomanda la consultazione del sito: <a style=\"color: #000000;\" href=\"http:\/\/www.google.it\/policies\/privacy\/partners\/\" target=\"_blank\" rel=\"noopener noreferrer\"><span style=\"text-decoration: none;\">www.google.it\/policies\/privacy\/partners\/<\/span><\/a>.<\/span><\/p>\n<p><span style=\"color: #000000;\"><strong><span style=\"font-size: 10pt;\">GESTIONE DEI COOKIE<\/span><\/strong><\/span><\/p>\n<p><span style=\"font-size: 10pt; color: #000000;\">Il differenziale ricorda che la disabilitazione totale o parziale dei cookie pu\u00f2 compromettere l\u2019utilizzo delle funzionalit\u00e0 del sito. Ad ogni modo \u00e8 possibile decidere se accettare o meno i cookie modificando le impostazioni di sicurezza del browser.<\/span><\/p>\n<ul style=\"margin-top: 0cm;\">\n<li style=\"margin-bottom: 0.0001pt; text-align: justify; line-height: normal;\"><span style=\"font-size: 10pt; color: #000000;\">Chrome: <a style=\"color: #000000;\" href=\"https:\/\/support.google.com\/chrome\/answer\/95647?hl=it\"><span style=\"text-decoration: none;\">https:\/\/support.google.com\/chrome\/answer\/95647?hl=it<\/span><\/a><\/span><\/li>\n<li style=\"margin-bottom: 0.0001pt; text-align: justify; line-height: normal;\"><span style=\"font-size: 10pt; color: #000000;\">Firefox: <a style=\"color: #000000;\" href=\"https:\/\/support.mozilla.org\/it\/kb\/Gestione%20dei%20cookie\"><span style=\"text-decoration: none;\">https:\/\/support.mozilla.org\/it\/kb\/Gestione%20dei%20cookie<\/span><\/a><\/span><\/li>\n<li style=\"margin-bottom: 0.0001pt; text-align: justify; line-height: normal;\"><span style=\"font-size: 10pt; color: #000000;\">Internet Explorer: <a style=\"color: #000000;\" href=\"http:\/\/windows.microsoft.com\/it-it\/windows7\/how-to-manage-cookies-in-internet-explorer-9\"><span style=\"text-decoration: none;\">http:\/\/windows.microsoft.com\/it-it\/windows7\/how-to-manage-cookies-in-internet-explorer-9<\/span><\/a><\/span><\/li>\n<li style=\"margin-bottom: 0.0001pt; text-align: justify; line-height: normal;\"><span style=\"font-size: 10pt; color: #000000;\">Opera: <a style=\"color: #000000;\" href=\"http:\/\/help.opera.com\/Windows\/10.00\/it\/cookies.html\"><span style=\"text-decoration: none;\">http:\/\/help.opera.com\/Windows\/10.00\/it\/cookies.html<\/span><\/a><\/span><\/li>\n<li style=\"margin-bottom: 0.0001pt; text-align: justify; line-height: normal;\"><span style=\"font-size: 10pt; color: #000000;\">Safari: <a style=\"color: #000000;\" href=\"http:\/\/support.apple.com\/kb\/HT1677?viewlocale=it_IT\"><span style=\"text-decoration: none;\">http:\/\/support.apple.com\/kb\/HT1677?viewlocale=it_IT<\/span><\/a><\/span><\/li>\n<\/ul>\n<p><span style=\"font-size: 10pt;\"><span style=\"color: #000000;\">\u00c8 possibile disabilitare in modo selettivo l&#8217;azione di Google Analytics installando sul proprio browser la componente di opt-out fornita da Google. Per disabilitare l&#8217;azione di Google Analytics, si rinvia al link di seguito indicato: <\/span><a href=\"https:\/\/tools.google.com\/dlpage\/gaoptout\"><span style=\"color: windowtext; text-decoration: none;\"><span style=\"color: #000000;\">https:\/\/tools.google.com\/dlpage\/gaoptout<\/span><\/span><\/a><\/span><\/p>\n\t<\/div>\n<\/div>\n\n\n\n\n\t\t\t<\/div> \n\t\t<\/div>\n\t<\/div> \n<\/div><\/div>\n","protected":false},"excerpt":{"rendered":"COOKIE Si comunica che il presente sito si avvale delle funzionalit\u00e0 offerte dal servizio Google Analytics. Google Analytics utilizza i cookie per raccogliere e analizzare in forma anonima le informazioni...","protected":false},"author":1,"featured_media":0,"parent":0,"menu_order":0,"comment_status":"closed","ping_status":"closed","template":"","meta":{"_joinchat":[],"footnotes":""},"class_list":["post-615","page","type-page","status-publish"],"_links":{"self":[{"href":"https:\/\/ildifferenziale.it\/autoclassica\/wp-json\/wp\/v2\/pages\/615","targetHints":{"allow":["GET"]}}],"collection":[{"href":"https:\/\/ildifferenziale.it\/autoclassica\/wp-json\/wp\/v2\/pages"}],"about":[{"href":"https:\/\/ildifferenziale.it\/autoclassica\/wp-json\/wp\/v2\/types\/page"}],"author":[{"embeddable":true,"href":"https:\/\/ildifferenziale.it\/autoclassica\/wp-json\/wp\/v2\/users\/1"}],"replies":[{"embeddable":true,"href":"https:\/\/ildifferenziale.it\/autoclassica\/wp-json\/wp\/v2\/comments?post=615"}],"version-history":[{"count":2,"href":"https:\/\/ildifferenziale.it\/autoclassica\/wp-json\/wp\/v2\/pages\/615\/revisions"}],"predecessor-version":[{"id":632,"href":"https:\/\/ildifferenziale.it\/autoclassica\/wp-json\/wp\/v2\/pages\/615\/revisions\/632"}],"wp:attachment":[{"href":"https:\/\/ildifferenziale.it\/autoclassica\/wp-json\/wp\/v2\/media?parent=615"}],"curies":[{"name":"wp","href":"https:\/\/api.w.org\/{rel}","templated":true}]}}